{"id":13419,"date":"2025-08-29T14:32:54","date_gmt":"2025-08-29T12:32:54","guid":{"rendered":"https:\/\/www.piegeareves.fr\/studio\/?post_type=product&#038;p=13419"},"modified":"2025-11-11T10:34:46","modified_gmt":"2025-11-11T09:34:46","slug":"mixer-une-voix-pop-avec-cubase-formation-pdf-template","status":"publish","type":"product","link":"https:\/\/www.piegeareves.fr\/studio\/produit\/mixer-une-voix-pop-avec-cubase-formation-pdf-template\/","title":{"rendered":"Mixer une voix pop avec Cubase &#8211; Formation PDF + Template"},"content":{"rendered":"<h2 data-start=\"268\" data-end=\"594\"><strong data-start=\"273\" data-end=\"334\">Mixer une voix pop avec Cubase &#8211; Formation PDF + Template<\/strong><\/h2>\n<p data-start=\"268\" data-end=\"594\">Avec <strong data-start=\"273\" data-end=\"334\">Mixer une voix pop avec Cubase &#8211; Formation PDF + Template<\/strong>, apprends \u00e0 obtenir un mix professionnel rapidement gr\u00e2ce \u00e0 un guide complet et un template pr\u00eat \u00e0 l\u2019emploi. Ce template te permet de d\u00e9marrer directement dans Cubase avec une vocal chain pr\u00eate \u00e0 l\u2019emploi et des r\u00e9glages optimis\u00e9s pour une voix pop moderne.<\/p>\n<p data-start=\"596\" data-end=\"823\">Gr\u00e2ce \u00e0 la <strong data-start=\"607\" data-end=\"651\">formation PDF qui accompagne le template<\/strong>, tu peux suivre chaque \u00e9tape du mix, comprendre le r\u00f4le de chaque plugin et ajustement, et modifier le template \u00e0 ta guise pour l\u2019adapter \u00e0 ta voix ou ton style musical.<\/p>\n<p data-start=\"825\" data-end=\"861\">Avec ce template (Dossier .zip contenant le projet Cubase), tu vas pouvoir :<\/p>\n<p data-start=\"864\" data-end=\"967\">Nettoyer et pr\u00e9parer ta voix en ajustant les fr\u00e9quences et en supprimant les fr\u00e9quences ind\u00e9sirables.<br \/>\nContr\u00f4ler la dynamique gr\u00e2ce aux compresseurs stock de Cubase pour un rendu \u00e9quilibr\u00e9.<br \/>\nAjouter du corps et de la couleur avec la saturation, le Tube Compressor et Magneto pour une voix chaleureuse et vivante.<br \/>\nG\u00e9rer les effets essentiels comme la reverb, le delay, la compression parall\u00e8le et le traitement st\u00e9r\u00e9o pour un mix immersif et pro.<br \/>\nTravailler avec une vocal chain compl\u00e8te et pr\u00eate \u00e0 l\u2019emploi directement dans Cubase, tout en ayant la libert\u00e9 de personnaliser chaque r\u00e9glage gr\u00e2ce \u00e0 la formation PDF.<\/p>\n<p data-start=\"1496\" data-end=\"1780\">Ce template est compatible avec Cubase et ses plugins stock, il te permet de mixer rapidement et efficacement sans rien d\u00e9penser de plus. Il est parfait pour les d\u00e9butants comme pour les interm\u00e9diaires qui veulent un mix pro imm\u00e9diat. Tu peux le t\u00e9l\u00e9charger instantan\u00e9ment et commencer \u00e0 mixer d\u00e8s maintenant.<\/p>\n<h3 data-start=\"1782\" data-end=\"2023\"><strong data-start=\"1782\" data-end=\"1800\">Bonus inclus :<\/strong><\/h3>\n<p data-start=\"1782\" data-end=\"2023\">Tu recevras <strong data-start=\"1815\" data-end=\"1875\">90 plugins et instruments VST gratuits de grande qualit\u00e9<\/strong>, tous test\u00e9s et approuv\u00e9s. Cette s\u00e9lection te fait gagner un temps fou et te permet d\u2019\u00e9viter de d\u00e9penser des milliers d\u2019euros en plugins premium.<\/p>\n<div class=\"nv-iframe-embed\"><iframe loading=\"lazy\" title=\"Template + Formation \/ Mixer  une voix pop avec plugins Cubase\" width=\"1200\" height=\"675\" src=\"https:\/\/www.youtube.com\/embed\/xoaFl3pYk1U?feature=oembed\" frameborder=\"0\" allow=\"accelerometer; autoplay; clipboard-write; encrypted-media; gyroscope; picture-in-picture; web-share\" referrerpolicy=\"strict-origin-when-cross-origin\" allowfullscreen><\/iframe><\/div>\n<p>&nbsp;<\/p>\n<div class=\"nv-iframe-embed\"><iframe loading=\"lazy\" title=\"Mixer une voix dans Cubase Formation : comparaison Mix ON vs Mix OFF\" width=\"1200\" height=\"675\" src=\"https:\/\/www.youtube.com\/embed\/ddCzzhw6GrQ?feature=oembed\" frameborder=\"0\" allow=\"accelerometer; autoplay; clipboard-write; encrypted-media; gyroscope; picture-in-picture; web-share\" referrerpolicy=\"strict-origin-when-cross-origin\" allowfullscreen><\/iframe><\/div>\n<p>&nbsp;<\/p>\n<h3 data-start=\"109\" data-end=\"273\"><\/h3>\n<h3 data-start=\"109\" data-end=\"273\"><strong data-start=\"109\" data-end=\"178\">Tu te poses des questions sur le fonctionnement de la formation ?<\/strong><\/h3>\n<p data-start=\"109\" data-end=\"273\">N\u2019h\u00e9site pas \u00e0 consulter la <a href=\"https:\/\/www.piegeareves.fr\/studio\/formation-mixage-voix-pop-cubase\/#faq\" target=\"_blank\" rel=\"noopener\"><strong data-start=\"209\" data-end=\"216\">FAQ<\/strong><\/a> ou \u00e0 m\u2019\u00e9crire directement \u00e0 <strong data-start=\"245\" data-end=\"270\"><a class=\"decorated-link cursor-pointer\" href=\"mailto:mikael@piegeareves.fr\" rel=\"noopener\" data-start=\"247\" data-end=\"268\">mikael@piegeareves.fr<\/a><\/strong><\/p>\n","protected":false},"excerpt":{"rendered":"<p>Obtiens ton pack complet pour <strong data-start=\"617\" data-end=\"678\">Mixer une voix pop avec Cubase &#8211; Formation PDF + Template<\/strong>, avec un guide pas \u00e0 pas et un template pr\u00eat \u00e0 personnaliser pour tes propres mix.<\/p>\n","protected":false},"featured_media":14032,"comment_status":"open","ping_status":"closed","template":"","meta":{"neve_meta_sidebar":"","neve_meta_container":"","neve_meta_enable_content_width":"off","neve_meta_content_width":100,"neve_meta_title_alignment":"","neve_meta_author_avatar":"","neve_post_elements_order":"","neve_meta_disable_header":"","neve_meta_disable_footer":"","neve_meta_disable_title":"","_themeisle_gutenberg_block_has_review":false},"product_brand":[],"product_cat":[222],"product_tag":[],"class_list":{"0":"post-13419","1":"product","2":"type-product","3":"status-publish","4":"has-post-thumbnail","6":"product_cat-formations-audio","8":"first","9":"instock","10":"downloadable","11":"virtual","12":"purchasable","13":"product-type-simple"},"_links":{"self":[{"href":"https:\/\/www.piegeareves.fr\/studio\/wp-json\/wp\/v2\/product\/13419","targetHints":{"allow":["GET"]}}],"collection":[{"href":"https:\/\/www.piegeareves.fr\/studio\/wp-json\/wp\/v2\/product"}],"about":[{"href":"https:\/\/www.piegeareves.fr\/studio\/wp-json\/wp\/v2\/types\/product"}],"replies":[{"embeddable":true,"href":"https:\/\/www.piegeareves.fr\/studio\/wp-json\/wp\/v2\/comments?post=13419"}],"wp:featuredmedia":[{"embeddable":true,"href":"https:\/\/www.piegeareves.fr\/studio\/wp-json\/wp\/v2\/media\/14032"}],"wp:attachment":[{"href":"https:\/\/www.piegeareves.fr\/studio\/wp-json\/wp\/v2\/media?parent=13419"}],"wp:term":[{"taxonomy":"product_brand","embeddable":true,"href":"https:\/\/www.piegeareves.fr\/studio\/wp-json\/wp\/v2\/product_brand?post=13419"},{"taxonomy":"product_cat","embeddable":true,"href":"https:\/\/www.piegeareves.fr\/studio\/wp-json\/wp\/v2\/product_cat?post=13419"},{"taxonomy":"product_tag","embeddable":true,"href":"https:\/\/www.piegeareves.fr\/studio\/wp-json\/wp\/v2\/product_tag?post=13419"}],"curies":[{"name":"wp","href":"https:\/\/api.w.org\/{rel}","templated":true}]}}