{"id":13387,"date":"2025-08-28T15:33:46","date_gmt":"2025-08-28T13:33:46","guid":{"rendered":"https:\/\/www.piegeareves.fr\/studio\/?post_type=product&#038;p=13387"},"modified":"2025-11-11T10:35:34","modified_gmt":"2025-11-11T09:35:34","slug":"mixer-une-voix-pop-avec-cubase-template","status":"publish","type":"product","link":"https:\/\/www.piegeareves.fr\/studio\/produit\/mixer-une-voix-pop-avec-cubase-template\/","title":{"rendered":"Mixer une Voix Pop avec Cubase &#8211; Template"},"content":{"rendered":"<h2 data-start=\"434\" data-end=\"725\"><strong data-start=\"469\" data-end=\"514\">Mixer une voix pop avec Cubase &#8211; Template<\/strong><\/h2>\n<p data-start=\"434\" data-end=\"725\">Avec <strong data-start=\"469\" data-end=\"514\">mixer une voix pop avec Cubase &#8211; Template<\/strong> obtient un son de voix professionnel en quelques clics\u202f? Ce template complet te permet de d\u00e9marrer directement dans Cubase avec une vocal chain pr\u00eate \u00e0 l\u2019emploi et des r\u00e9glages optimis\u00e9s pour une voix pop moderne.<\/p>\n<p data-start=\"727\" data-end=\"763\">Avec ce template (Dossier .zip contenant le projet Cubase), tu vas pouvoir :<\/p>\n<p data-start=\"766\" data-end=\"865\">Nettoyer et pr\u00e9parer ta voix en ajustant les fr\u00e9quences et en supprimant les fr\u00e9quences ind\u00e9sirables.<br \/>\nContr\u00f4ler la dynamique gr\u00e2ce aux compresseurs stock de Cubase pour un rendu \u00e9quilibr\u00e9.<br \/>\nAjouter du corps et de la couleur avec la saturation, le Tube Compressor et Magneto pour une voix chaleureuse et vivante.<br \/>\nG\u00e9rer les effets essentiels comme la reverb, le delay, la compression parall\u00e8le et le traitement st\u00e9r\u00e9o pour un mix immersif et pro.<br \/>\nTravailler avec une vocal chain compl\u00e8te et pr\u00eate \u00e0 l\u2019emploi directement dans Cubase.<\/p>\n<p data-start=\"1311\" data-end=\"1595\">Ce template est compatible avec Cubase et ses plugins stock, il te permet de mixer rapidement et efficacement. Il est parfait pour les d\u00e9butants comme pour les interm\u00e9diaires qui veulent un mix pro imm\u00e9diat. Tu peux le t\u00e9l\u00e9charger instantan\u00e9ment et commencer \u00e0 mixer d\u00e8s maintenant.<\/p>\n<h3 data-start=\"1597\" data-end=\"1617\"><strong data-start=\"1597\" data-end=\"1615\">Bonus inclus :<\/strong><\/h3>\n<p data-start=\"52\" data-end=\"276\">Tu recevras <strong>90 plugins et instruments VST gratuits de grande qualit\u00e9<\/strong>, tous test\u00e9s et approuv\u00e9s. Cette s\u00e9lection te fait gagner un temps fou et te permet d\u2019\u00e9viter de d\u00e9penser des milliers d\u2019euros en plugins premium.<\/p>\n<div class=\"nv-iframe-embed\"><iframe loading=\"lazy\" title=\"Template + Formation \/ Mixer  une voix pop avec plugins Cubase\" width=\"1200\" height=\"675\" src=\"https:\/\/www.youtube.com\/embed\/xoaFl3pYk1U?feature=oembed\" frameborder=\"0\" allow=\"accelerometer; autoplay; clipboard-write; encrypted-media; gyroscope; picture-in-picture; web-share\" referrerpolicy=\"strict-origin-when-cross-origin\" allowfullscreen><\/iframe><\/div>\n<p>&nbsp;<\/p>\n<div class=\"nv-iframe-embed\"><iframe loading=\"lazy\" title=\"Mixer une voix dans Cubase Formation : comparaison Mix ON vs Mix OFF\" width=\"1200\" height=\"675\" src=\"https:\/\/www.youtube.com\/embed\/ddCzzhw6GrQ?feature=oembed\" frameborder=\"0\" allow=\"accelerometer; autoplay; clipboard-write; encrypted-media; gyroscope; picture-in-picture; web-share\" referrerpolicy=\"strict-origin-when-cross-origin\" allowfullscreen><\/iframe><\/div>\n<h3 data-start=\"109\" data-end=\"273\"><\/h3>\n<h3 data-start=\"109\" data-end=\"273\"><strong data-start=\"109\" data-end=\"178\">Tu te poses des questions sur le fonctionnement de la formation ?<\/strong><\/h3>\n<p data-start=\"109\" data-end=\"273\">N\u2019h\u00e9site pas \u00e0 consulter la <a href=\"https:\/\/www.piegeareves.fr\/studio\/formation-mixage-voix-pop-cubase\/#faq\" target=\"_blank\" rel=\"noopener\"><strong data-start=\"209\" data-end=\"216\">FAQ<\/strong><\/a> ou \u00e0 m\u2019\u00e9crire directement \u00e0 <strong data-start=\"245\" data-end=\"270\"><a class=\"decorated-link cursor-pointer\" href=\"mailto:mikael@piegeareves.fr\" rel=\"noopener\" data-start=\"247\" data-end=\"268\">mikael@piegeareves.fr<\/a><\/strong><\/p>\n","protected":false},"excerpt":{"rendered":"<p>Obtiens ton <strong data-start=\"121\" data-end=\"193\" data-is-only-node=\"\">outil pr\u00eat \u00e0 l\u2019emploi pour mixer une voix pop avec Cubase &#8211; Template<\/strong>. D\u00e9couvre une vocal chain compl\u00e8te avec des r\u00e9glages professionnels pour un son clair et moderne.<\/p>\n","protected":false},"featured_media":14031,"comment_status":"open","ping_status":"closed","template":"","meta":{"neve_meta_sidebar":"","neve_meta_container":"","neve_meta_enable_content_width":"off","neve_meta_content_width":100,"neve_meta_title_alignment":"","neve_meta_author_avatar":"","neve_post_elements_order":"","neve_meta_disable_header":"","neve_meta_disable_footer":"","neve_meta_disable_title":"","_themeisle_gutenberg_block_has_review":false},"product_brand":[],"product_cat":[222],"product_tag":[],"class_list":{"0":"post-13387","1":"product","2":"type-product","3":"status-publish","4":"has-post-thumbnail","6":"product_cat-formations-audio","8":"first","9":"instock","10":"downloadable","11":"virtual","12":"purchasable","13":"product-type-simple"},"_links":{"self":[{"href":"https:\/\/www.piegeareves.fr\/studio\/wp-json\/wp\/v2\/product\/13387","targetHints":{"allow":["GET"]}}],"collection":[{"href":"https:\/\/www.piegeareves.fr\/studio\/wp-json\/wp\/v2\/product"}],"about":[{"href":"https:\/\/www.piegeareves.fr\/studio\/wp-json\/wp\/v2\/types\/product"}],"replies":[{"embeddable":true,"href":"https:\/\/www.piegeareves.fr\/studio\/wp-json\/wp\/v2\/comments?post=13387"}],"wp:featuredmedia":[{"embeddable":true,"href":"https:\/\/www.piegeareves.fr\/studio\/wp-json\/wp\/v2\/media\/14031"}],"wp:attachment":[{"href":"https:\/\/www.piegeareves.fr\/studio\/wp-json\/wp\/v2\/media?parent=13387"}],"wp:term":[{"taxonomy":"product_brand","embeddable":true,"href":"https:\/\/www.piegeareves.fr\/studio\/wp-json\/wp\/v2\/product_brand?post=13387"},{"taxonomy":"product_cat","embeddable":true,"href":"https:\/\/www.piegeareves.fr\/studio\/wp-json\/wp\/v2\/product_cat?post=13387"},{"taxonomy":"product_tag","embeddable":true,"href":"https:\/\/www.piegeareves.fr\/studio\/wp-json\/wp\/v2\/product_tag?post=13387"}],"curies":[{"name":"wp","href":"https:\/\/api.w.org\/{rel}","templated":true}]}}