{"id":13343,"date":"2025-08-28T10:24:31","date_gmt":"2025-08-28T08:24:31","guid":{"rendered":"https:\/\/www.piegeareves.fr\/studio\/?post_type=product&#038;p=13343"},"modified":"2025-11-11T10:35:47","modified_gmt":"2025-11-11T09:35:47","slug":"mixer-une-voix-pop-avec-cubase-formation-pdf","status":"publish","type":"product","link":"https:\/\/www.piegeareves.fr\/studio\/produit\/mixer-une-voix-pop-avec-cubase-formation-pdf\/","title":{"rendered":"Mixer une voix pop avec Cubase &#8211; Formation PDF"},"content":{"rendered":"<h2 data-start=\"494\" data-end=\"722\">Mixer une voix pop avec Cubase &#8211; Formation PDF<\/h2>\n<p data-start=\"494\" data-end=\"722\">Tu cherches \u00e0 <strong data-start=\"541\" data-end=\"591\">mixer une voix pop avec Cubase &#8211; Formation PDF<\/strong>\u202f? Cette formation d\u00e9taill\u00e9e te guide pas \u00e0 pas pour transformer une voix brute en un mix professionnel, chaleureux et moderne.<br \/>\nCon\u00e7ue pour les <strong data-start=\"740\" data-end=\"798\">musiciens, chanteurs, producteurs et ing\u00e9nieurs du son<\/strong>, cette formation PDF te montre comment\u202f:<\/p>\n<p data-start=\"846\" data-end=\"935\"><strong data-start=\"846\" data-end=\"878\">Nettoyer et pr\u00e9parer la voix<\/strong> : suppression des bruits et ajustements de fr\u00e9quences.<br \/>\n<strong data-start=\"938\" data-end=\"964\">Contr\u00f4ler la dynamique<\/strong> : compresseurs stock de Cubase pour un rendu \u00e9quilibr\u00e9.<br \/>\n<strong data-start=\"1025\" data-end=\"1062\">Ajouter du corps et de la couleur<\/strong> : saturation, Tube Compressor et Magneto pour une voix vivante et pr\u00e9sente.<br \/>\n<strong data-start=\"1143\" data-end=\"1163\">G\u00e9rer les effets<\/strong> : reverb, delay, compression parall\u00e8le et st\u00e9r\u00e9o pour un son pop immersif.<br \/>\n<strong data-start=\"1243\" data-end=\"1297\">Cr\u00e9er une vocal chain compl\u00e8te et pr\u00eate \u00e0 l\u2019emploi<\/strong> directement dans Cubase.<\/p>\n<p>&nbsp;<\/p>\n<h3 data-start=\"1326\" data-end=\"1370\"><strong data-start=\"1326\" data-end=\"1368\">Pourquoi choisir cette formation PDF\u202f?<\/strong><\/h3>\n<p data-start=\"1373\" data-end=\"1429\">Compatible avec <strong data-start=\"1400\" data-end=\"1410\">Cubase<\/strong> et plugins stock, mais adaptable aux autres DAW : ProTools, Abelton, Logic Pro, Studio One&#8230;<br \/>\nAstuces pratiques pour un mix efficace et rapide<br \/>\nAccessible aux d\u00e9butants et interm\u00e9diaires<br \/>\nPDF t\u00e9l\u00e9chargeable imm\u00e9diatement pour une consultation \u00e0 tout moment<\/p>\n<p data-start=\"1604\" data-end=\"1767\"><strong data-start=\"1604\" data-end=\"1616\">Format :<\/strong> PDF t\u00e9l\u00e9chargeable imm\u00e9diatement<br data-start=\"1649\" data-end=\"1652\" \/><strong data-start=\"1652\" data-end=\"1670\">Public cible :<\/strong> Musiciens, chanteurs, producteurs et ing\u00e9nieurs du son<br data-start=\"1725\" data-end=\"1728\" \/><strong data-start=\"1728\" data-end=\"1740\">Niveau :<\/strong> D\u00e9butant \u00e0 interm\u00e9diaire<\/p>\n<h3 data-start=\"1769\" data-end=\"1789\"><strong data-start=\"1769\" data-end=\"1787\">Bonus Inclus :<\/strong><\/h3>\n<p data-start=\"1792\" data-end=\"1831\">R\u00e9glages d\u00e9taill\u00e9s pour chaque plugin<br \/>\nConseils workflow pour mixer comme un pro<br \/>\nTu recevras en <strong data-start=\"85\" data-end=\"127\">90 plugins et instruments VST gratuits de grande qualit\u00e9<\/strong>, tous test\u00e9s et approuv\u00e9s. Cette s\u00e9lection te fait gagner un temps fou et te permet d\u2019\u00e9viter de d\u00e9penser des milliers d\u2019euros en plugins premium.<\/p>\n<div class=\"nv-iframe-embed\"><iframe loading=\"lazy\" title=\"Template + Formation \/ Mixer  une voix pop avec plugins Cubase\" width=\"1200\" height=\"675\" src=\"https:\/\/www.youtube.com\/embed\/xoaFl3pYk1U?feature=oembed\" frameborder=\"0\" allow=\"accelerometer; autoplay; clipboard-write; encrypted-media; gyroscope; picture-in-picture; web-share\" referrerpolicy=\"strict-origin-when-cross-origin\" allowfullscreen><\/iframe><\/div>\n<p>&nbsp;<\/p>\n<div class=\"nv-iframe-embed\"><iframe loading=\"lazy\" title=\"Mixer une voix dans Cubase Formation : comparaison Mix ON vs Mix OFF\" width=\"1200\" height=\"675\" src=\"https:\/\/www.youtube.com\/embed\/ddCzzhw6GrQ?feature=oembed\" frameborder=\"0\" allow=\"accelerometer; autoplay; clipboard-write; encrypted-media; gyroscope; picture-in-picture; web-share\" referrerpolicy=\"strict-origin-when-cross-origin\" allowfullscreen><\/iframe><\/div>\n<h3 data-start=\"109\" data-end=\"273\"><\/h3>\n<h3 data-start=\"109\" data-end=\"273\"><strong data-start=\"109\" data-end=\"178\">Tu te poses des questions sur le fonctionnement de la formation ?<\/strong><\/h3>\n<p data-start=\"109\" data-end=\"273\">N\u2019h\u00e9site pas \u00e0 consulter la <a href=\"https:\/\/www.piegeareves.fr\/studio\/formation-mixage-voix-pop-cubase\/#faq\" target=\"_blank\" rel=\"noopener\"><strong data-start=\"209\" data-end=\"216\">FAQ<\/strong><\/a> ou \u00e0 m\u2019\u00e9crire directement \u00e0 <strong data-start=\"245\" data-end=\"270\"><a class=\"decorated-link cursor-pointer\" href=\"mailto:mikael@piegeareves.fr\" rel=\"noopener\" data-start=\"247\" data-end=\"268\">mikael@piegeareves.fr<\/a><\/strong><\/p>\n<p data-start=\"1792\" data-end=\"1831\">\n","protected":false},"excerpt":{"rendered":"<p>Obtiens un guide complet pour <strong data-start=\"350\" data-end=\"400\">mixer une voix pop avec Cubase &#8211; Formation PDF<\/strong>. Techniques, vocal chain pr\u00eate \u00e0 l\u2019emploi et astuces de pro pour un mix moderne et clair.<\/p>\n","protected":false},"featured_media":14030,"comment_status":"open","ping_status":"closed","template":"","meta":{"neve_meta_sidebar":"","neve_meta_container":"","neve_meta_enable_content_width":"off","neve_meta_content_width":100,"neve_meta_title_alignment":"","neve_meta_author_avatar":"","neve_post_elements_order":"","neve_meta_disable_header":"","neve_meta_disable_footer":"","neve_meta_disable_title":"","_themeisle_gutenberg_block_has_review":false},"product_brand":[],"product_cat":[222],"product_tag":[],"class_list":{"0":"post-13343","1":"product","2":"type-product","3":"status-publish","4":"has-post-thumbnail","6":"product_cat-formations-audio","8":"first","9":"instock","10":"downloadable","11":"virtual","12":"purchasable","13":"product-type-simple"},"_links":{"self":[{"href":"https:\/\/www.piegeareves.fr\/studio\/wp-json\/wp\/v2\/product\/13343","targetHints":{"allow":["GET"]}}],"collection":[{"href":"https:\/\/www.piegeareves.fr\/studio\/wp-json\/wp\/v2\/product"}],"about":[{"href":"https:\/\/www.piegeareves.fr\/studio\/wp-json\/wp\/v2\/types\/product"}],"replies":[{"embeddable":true,"href":"https:\/\/www.piegeareves.fr\/studio\/wp-json\/wp\/v2\/comments?post=13343"}],"wp:featuredmedia":[{"embeddable":true,"href":"https:\/\/www.piegeareves.fr\/studio\/wp-json\/wp\/v2\/media\/14030"}],"wp:attachment":[{"href":"https:\/\/www.piegeareves.fr\/studio\/wp-json\/wp\/v2\/media?parent=13343"}],"wp:term":[{"taxonomy":"product_brand","embeddable":true,"href":"https:\/\/www.piegeareves.fr\/studio\/wp-json\/wp\/v2\/product_brand?post=13343"},{"taxonomy":"product_cat","embeddable":true,"href":"https:\/\/www.piegeareves.fr\/studio\/wp-json\/wp\/v2\/product_cat?post=13343"},{"taxonomy":"product_tag","embeddable":true,"href":"https:\/\/www.piegeareves.fr\/studio\/wp-json\/wp\/v2\/product_tag?post=13343"}],"curies":[{"name":"wp","href":"https:\/\/api.w.org\/{rel}","templated":true}]}}